{"id":124,"date":"2025-09-06T07:43:23","date_gmt":"2025-09-06T07:43:23","guid":{"rendered":"https:\/\/indianmahal.se\/?page_id=124"},"modified":"2026-04-02T09:07:36","modified_gmt":"2026-04-02T09:07:36","slug":"lunch","status":"publish","type":"page","link":"https:\/\/indianmahal.se\/index.php\/lunch\/","title":{"rendered":"Lunch"},"content":{"rendered":"<section class=\"bde-section-124-100 bde-section\">\n              \n  \n  \n\t\n  <div class=\"breakdance-swiper-wrapper section-background-slideshow\">\n    <div class=\"swiper\">\n      <!-- Additional required wrapper -->\n      <div class=\"swiper-wrapper\">\n        <!-- Slides -->\n                  <div class=\"swiper-slide\">\n            <div class=\"swiper-slide-item\" style=\"background-image: url(https:\/\/indianmahal.se\/wp-content\/uploads\/2025\/08\/Indian_Mahal_01.jpg);\"><\/div>\n          <\/div>\n                  <div class=\"swiper-slide\">\n            <div class=\"swiper-slide-item\" style=\"background-image: url(https:\/\/indianmahal.se\/wp-content\/uploads\/2025\/08\/Indian_Mahal_02.jpg);\"><\/div>\n          <\/div>\n                  <div class=\"swiper-slide\">\n            <div class=\"swiper-slide-item\" style=\"background-image: url(https:\/\/indianmahal.se\/wp-content\/uploads\/2025\/08\/Indian_Mahal_Uppsala-17.jpg);\"><\/div>\n          <\/div>\n              <\/div>\n    <\/div>\n  <\/div>\n\n  <div class=\"section-background-overlay\"><\/div>\n\n\n        <div class=\"section-shape-divider-wrapper section-shape-divider-wrapper--1\">\n          <span class=\"section-shape-divider\">\n                      <svg\n                xmlns=\"http:\/\/www.w3.org\/2000\/svg\"\n                viewBox=\"0 0 1440 320\"\n                preserveAspectRatio=\"none\"\n            >\n              <path fill=\"currentColor\" fill-opacity=\"1\" d=\"M0,224L48,240C96,256,192,288,288,256C384,224,480,128,576,80C672,32,768,32,864,69.3C960,107,1056,181,1152,176C1248,171,1344,85,1392,42.7L1440,0L1440,320L1392,320C1344,320,1248,320,1152,320C1056,320,960,320,864,320C768,320,672,320,576,320C480,320,384,320,288,320C192,320,96,320,48,320L0,320Z\"><\/path>\n            <\/svg>\n                    <\/span>\n      <\/div>\n  <div class=\"section-container\"><div class=\"bde-div-124-101 bde-div\">\n  \n  \n\t\n\n\n\n<div class=\"bde-fancy-divider-124-102 bde-fancy-divider\">\n\n\n<div class=\"bde-fancy-divider__wrapper\">\n  <div class=\"bde-fancy-divider__separator has-content  \">\n  \t    \t    \t          <div class=\"bde-fancy-divider__content bde-fancy-divider__content--text\">\n          V\u00e4lkommen till Indian Mahal\n          <\/div>\n    \t      <\/div>\n<\/div>\n\n<\/div><h1 class=\"bde-dual-heading-124-103 bde-dual-heading\">\n\n\n            <span data-style=\"secondary\" class=\"dual-heading--secondary  js-annotate\">LUNCHBUFF\u00c9N<\/span>\n\n\n\n<\/h1><div class=\"bde-text-124-104 bde-text\">\nNjut av en smakrik buff\u00e9 med:<br><br>Indisk grill<br>Indiska grytor (kyckling, biff & vegetarisk)<br>Thail\u00e4ndsk gryta (kyckling & biff)<br>Stekta \u00e4ggnudlar<br>Sushi & Rolls<br>V\u00e5rrullar<br>Nybakat naanbr\u00f6d<br>Sallad, kaffe & misosoppa<br><br>\ud83d\udd5a M\u00e5ndag\u2013fredag kl. 11:00\u201314:30<br>\u2728 Erbjudande: 139 kr<br>\ud83d\udcb0 Ordinarie pris: 159 kr\n<\/div>\n<\/div><\/div>\n<\/section>","protected":false},"excerpt":{"rendered":"<p>V\u00e4lkommen till Indian Mahal LUNCHBUFF\u00c9N Njut av en smakrik buff\u00e9 med:Indisk grillIndiska grytor (kyckling, biff &#038; vegetarisk)Thail\u00e4ndsk gryta (kyckling &#038; biff)Stekta \u00e4ggnudlarSushi &#038; RollsV\u00e5rrullarNybakat naanbr\u00f6dSallad, kaffe &#038; misosoppa\ud83d\udd5a M\u00e5ndag\u2013fredag kl. 11:00\u201314:30\u2728 Erbjudande: 139 kr\ud83d\udcb0 Ordinarie pris: 159 kr<\/p>\n","protected":false},"author":1,"featured_media":0,"parent":0,"menu_order":0,"comment_status":"closed","ping_status":"closed","template":"","meta":{"_breakdance_hide_in_design_set":false,"_breakdance_tags":"","footnotes":""},"class_list":["post-124","page","type-page","status-publish","hentry"],"_links":{"self":[{"href":"https:\/\/indianmahal.se\/index.php\/wp-json\/wp\/v2\/pages\/124","targetHints":{"allow":["GET"]}}],"collection":[{"href":"https:\/\/indianmahal.se\/index.php\/wp-json\/wp\/v2\/pages"}],"about":[{"href":"https:\/\/indianmahal.se\/index.php\/wp-json\/wp\/v2\/types\/page"}],"author":[{"embeddable":true,"href":"https:\/\/indianmahal.se\/index.php\/wp-json\/wp\/v2\/users\/1"}],"replies":[{"embeddable":true,"href":"https:\/\/indianmahal.se\/index.php\/wp-json\/wp\/v2\/comments?post=124"}],"version-history":[{"count":15,"href":"https:\/\/indianmahal.se\/index.php\/wp-json\/wp\/v2\/pages\/124\/revisions"}],"predecessor-version":[{"id":156,"href":"https:\/\/indianmahal.se\/index.php\/wp-json\/wp\/v2\/pages\/124\/revisions\/156"}],"wp:attachment":[{"href":"https:\/\/indianmahal.se\/index.php\/wp-json\/wp\/v2\/media?parent=124"}],"curies":[{"name":"wp","href":"https:\/\/api.w.org\/{rel}","templated":true}]}}